{"id":6479,"date":"2025-09-02T10:32:38","date_gmt":"2025-09-02T10:32:38","guid":{"rendered":"https:\/\/uwlunchloods.inthedemo.com\/product\/baquette-zalm-kruidenkaas\/"},"modified":"2025-09-08T09:44:53","modified_gmt":"2025-09-08T09:44:53","slug":"baguette-lachs-mit-kraeuterfrischkaese","status":"publish","type":"product","link":"https:\/\/uwlunchloods.inthedemo.com\/de\/product\/baguette-lachs-mit-kraeuterfrischkaese\/","title":{"rendered":"Baguette Lachs mit Kr\u00e4uterfrischk\u00e4se"},"content":{"rendered":"<p>Baguette nach Wahl, wei\u00df oder braun<br \/>\nKr\u00e4uterfrischk\u00e4se mit Lachs<\/p>\n","protected":false},"excerpt":{"rendered":"<p>Baguette nach Wahl, wei\u00df oder braun<br \/>\nKr\u00e4uterfrischk\u00e4se mit Lachs<\/p>\n","protected":false},"featured_media":6232,"template":"","meta":{"_acf_changed":false},"product_brand":[],"product_cat":[335,333],"product_tag":[],"class_list":{"0":"post-6479","1":"product","2":"type-product","3":"status-publish","4":"has-post-thumbnail","6":"product_cat-baguettes","7":"product_cat-sandwiches","8":"pa_optie-braun","9":"pa_optie-mehrkorn","10":"pa_optie-weiss","12":"first","13":"instock","14":"purchasable","15":"product-type-variable","16":"wvs-archive-product-wrapper"},"acf":[],"_links":{"self":[{"href":"https:\/\/uwlunchloods.inthedemo.com\/de\/wp-json\/wp\/v2\/product\/6479","targetHints":{"allow":["GET"]}}],"collection":[{"href":"https:\/\/uwlunchloods.inthedemo.com\/de\/wp-json\/wp\/v2\/product"}],"about":[{"href":"https:\/\/uwlunchloods.inthedemo.com\/de\/wp-json\/wp\/v2\/types\/product"}],"wp:featuredmedia":[{"embeddable":true,"href":"https:\/\/uwlunchloods.inthedemo.com\/de\/wp-json\/wp\/v2\/media\/6232"}],"wp:attachment":[{"href":"https:\/\/uwlunchloods.inthedemo.com\/de\/wp-json\/wp\/v2\/media?parent=6479"}],"wp:term":[{"taxonomy":"product_brand","embeddable":true,"href":"https:\/\/uwlunchloods.inthedemo.com\/de\/wp-json\/wp\/v2\/product_brand?post=6479"},{"taxonomy":"product_cat","embeddable":true,"href":"https:\/\/uwlunchloods.inthedemo.com\/de\/wp-json\/wp\/v2\/product_cat?post=6479"},{"taxonomy":"product_tag","embeddable":true,"href":"https:\/\/uwlunchloods.inthedemo.com\/de\/wp-json\/wp\/v2\/product_tag?post=6479"}],"curies":[{"name":"wp","href":"https:\/\/api.w.org\/{rel}","templated":true}]}}