{"id":6396,"date":"2025-09-02T10:32:55","date_gmt":"2025-09-02T10:32:55","guid":{"rendered":"https:\/\/uwlunchloods.inthedemo.com\/product\/baquette-kipsate-met-gebakken-ui\/"},"modified":"2025-09-08T08:50:06","modified_gmt":"2025-09-08T08:50:06","slug":"baguette-mit-haehnchensate-und-gebratenen-zwiebeln","status":"publish","type":"product","link":"https:\/\/uwlunchloods.inthedemo.com\/de\/product\/baguette-mit-haehnchensate-und-gebratenen-zwiebeln\/","title":{"rendered":"Baguette mit H\u00e4hnchensat\u00e9 und gebratenen Zwiebeln"},"content":{"rendered":"<article class=\"text-token-text-primary w-full focus:outline-none scroll-mt-[calc(var(--header-height)+min(200px,max(70px,20svh)))]\" dir=\"auto\" tabindex=\"-1\" data-turn-id=\"request-WEB:16a0d590-dee0-4f9c-9f9c-77dfb60b0d3e-39\" data-testid=\"conversation-turn-80\" data-scroll-anchor=\"true\" data-turn=\"assistant\">\n<div class=\"text-base my-auto mx-auto pb-10 [--thread-content-margin:--spacing(4)] thread-sm:[--thread-content-margin:--spacing(6)] thread-lg:[--thread-content-margin:--spacing(16)] px-(--thread-content-margin)\">\n<div class=\"[--thread-content-max-width:40rem] thread-sm:[--thread-content-max-width:40rem] thread-lg:[--thread-content-max-width:48rem] mx-auto max-w-(--thread-content-max-width) flex-1 group\/turn-messages focus-visible:outline-hidden relative flex w-full min-w-0 flex-col agent-turn\" tabindex=\"-1\">\n<div class=\"flex max-w-full flex-col grow\">\n<div class=\"min-h-8 text-message relative flex w-full flex-col items-end gap-2 text-start break-words whitespace-normal [.text-message+&amp;]:mt-5\" dir=\"auto\" data-message-author-role=\"assistant\" data-message-id=\"b5f74ae4-af7c-4717-ad64-2fab51e8cd79\" data-message-model-slug=\"gpt-5\">\n<div class=\"flex w-full flex-col gap-1 empty:hidden first:pt-[3px]\">\n<div class=\"markdown prose dark:prose-invert w-full break-words dark markdown-new-styling\">\n<p data-start=\"0\" data-end=\"44\" data-is-last-node=\"\" data-is-only-node=\"\">Leckerer H\u00e4hnchensat\u00e9-Salat mit R\u00f6stzwiebeln<\/p>\n<\/div>\n<\/div>\n<\/div>\n<\/div>\n<\/div>\n<\/div>\n<\/article>\n","protected":false},"excerpt":{"rendered":"<p>Leckere H\u00e4hnchensat\u00e9-Salat mit gebratenen Zwiebeln<\/p>\n","protected":false},"featured_media":6195,"template":"","meta":{"_acf_changed":false},"product_brand":[],"product_cat":[335,333],"product_tag":[],"class_list":{"0":"post-6396","1":"product","2":"type-product","3":"status-publish","4":"has-post-thumbnail","6":"product_cat-baguettes","7":"product_cat-sandwiches","8":"pa_optie-braun-mit","9":"pa_optie-braun-ohne","10":"pa_optie-mehrkorn-mit","11":"pa_optie-mehrkorn-ohne","12":"pa_optie-weiss-mit","13":"pa_optie-wit-zonder","15":"first","16":"instock","17":"purchasable","18":"product-type-variable","19":"wvs-archive-product-wrapper"},"acf":[],"_links":{"self":[{"href":"https:\/\/uwlunchloods.inthedemo.com\/de\/wp-json\/wp\/v2\/product\/6396","targetHints":{"allow":["GET"]}}],"collection":[{"href":"https:\/\/uwlunchloods.inthedemo.com\/de\/wp-json\/wp\/v2\/product"}],"about":[{"href":"https:\/\/uwlunchloods.inthedemo.com\/de\/wp-json\/wp\/v2\/types\/product"}],"wp:featuredmedia":[{"embeddable":true,"href":"https:\/\/uwlunchloods.inthedemo.com\/de\/wp-json\/wp\/v2\/media\/6195"}],"wp:attachment":[{"href":"https:\/\/uwlunchloods.inthedemo.com\/de\/wp-json\/wp\/v2\/media?parent=6396"}],"wp:term":[{"taxonomy":"product_brand","embeddable":true,"href":"https:\/\/uwlunchloods.inthedemo.com\/de\/wp-json\/wp\/v2\/product_brand?post=6396"},{"taxonomy":"product_cat","embeddable":true,"href":"https:\/\/uwlunchloods.inthedemo.com\/de\/wp-json\/wp\/v2\/product_cat?post=6396"},{"taxonomy":"product_tag","embeddable":true,"href":"https:\/\/uwlunchloods.inthedemo.com\/de\/wp-json\/wp\/v2\/product_tag?post=6396"}],"curies":[{"name":"wp","href":"https:\/\/api.w.org\/{rel}","templated":true}]}}