{"id":6355,"date":"2025-09-02T10:37:42","date_gmt":"2025-09-02T10:37:42","guid":{"rendered":"https:\/\/uwlunchloods.inthedemo.com\/product\/ontbijt-pakket-kind\/"},"modified":"2025-09-08T07:48:02","modified_gmt":"2025-09-08T07:48:02","slug":"kinder-fruehstueckspaket","status":"publish","type":"product","link":"https:\/\/uwlunchloods.inthedemo.com\/de\/product\/kinder-fruehstueckspaket\/","title":{"rendered":"Kinder-Fr\u00fchst\u00fcckspaket"},"content":{"rendered":"<p>F\u00fcr die kleinen gibt es ein besonderes Fr\u00fchst\u00fcck mit einer \u00fcberrasschung<br \/>\nInhalt kind pakket<br \/>\nCroissant<br \/>\nKaiserbr\u00f6tchen<br \/>\nstreusel (mini)<br \/>\nNutella (mini)<\/p>\n","protected":false},"excerpt":{"rendered":"<p>F\u00fcr die Kleinen haben wir ein besonderes Fr\u00fchst\u00fcck mit einer tollen \u00dcberraschung!<\/p>\n","protected":false},"featured_media":6165,"template":"","meta":{"_acf_changed":false},"product_brand":[],"product_cat":[330],"product_tag":[],"class_list":{"0":"post-6355","1":"product","2":"type-product","3":"status-publish","4":"has-post-thumbnail","6":"product_cat-fruehstuecksservice","7":"pa_optie-junge","8":"pa_optie-maedchen","10":"first","11":"instock","12":"purchasable","13":"product-type-variable","14":"wvs-archive-product-wrapper"},"acf":[],"_links":{"self":[{"href":"https:\/\/uwlunchloods.inthedemo.com\/de\/wp-json\/wp\/v2\/product\/6355","targetHints":{"allow":["GET"]}}],"collection":[{"href":"https:\/\/uwlunchloods.inthedemo.com\/de\/wp-json\/wp\/v2\/product"}],"about":[{"href":"https:\/\/uwlunchloods.inthedemo.com\/de\/wp-json\/wp\/v2\/types\/product"}],"wp:featuredmedia":[{"embeddable":true,"href":"https:\/\/uwlunchloods.inthedemo.com\/de\/wp-json\/wp\/v2\/media\/6165"}],"wp:attachment":[{"href":"https:\/\/uwlunchloods.inthedemo.com\/de\/wp-json\/wp\/v2\/media?parent=6355"}],"wp:term":[{"taxonomy":"product_brand","embeddable":true,"href":"https:\/\/uwlunchloods.inthedemo.com\/de\/wp-json\/wp\/v2\/product_brand?post=6355"},{"taxonomy":"product_cat","embeddable":true,"href":"https:\/\/uwlunchloods.inthedemo.com\/de\/wp-json\/wp\/v2\/product_cat?post=6355"},{"taxonomy":"product_tag","embeddable":true,"href":"https:\/\/uwlunchloods.inthedemo.com\/de\/wp-json\/wp\/v2\/product_tag?post=6355"}],"curies":[{"name":"wp","href":"https:\/\/api.w.org\/{rel}","templated":true}]}}